{"id":14,"date":"2021-11-21T15:14:19","date_gmt":"2021-11-21T15:14:19","guid":{"rendered":"http:\/\/limpereira.com.br\/index.php\/about\/"},"modified":"2023-12-14T14:14:50","modified_gmt":"2023-12-14T17:14:50","slug":"about","status":"publish","type":"page","link":"https:\/\/limpereira.com.br\/index.php\/about\/","title":{"rendered":"About"},"content":{"rendered":"\t\t<div data-elementor-type=\"wp-page\" data-elementor-id=\"14\" class=\"elementor elementor-14\">\n\t\t\t\t\t\t\t\t\t<section class=\"elementor-section elementor-top-section elementor-element elementor-element-c8ddeb6 elementor-section-height-min-height elementor-section-boxed elementor-section-height-default elementor-section-items-middle\" data-id=\"c8ddeb6\" data-element_type=\"section\" data-settings=\"{&quot;background_background&quot;:&quot;classic&quot;}\">\n\t\t\t\t\t\t\t<div class=\"elementor-background-overlay\"><\/div>\n\t\t\t\t\t\t\t<div class=\"elementor-container elementor-column-gap-default\">\n\t\t\t\t\t<div class=\"elementor-column elementor-col-100 elementor-top-column elementor-element elementor-element-6a5337e\" data-id=\"6a5337e\" data-element_type=\"column\">\n\t\t\t<div class=\"elementor-widget-wrap elementor-element-populated\">\n\t\t\t\t\t\t\t\t<div class=\"elementor-element elementor-element-feefb6c elementor-widget elementor-widget-heading\" data-id=\"feefb6c\" data-element_type=\"widget\" data-widget_type=\"heading.default\">\n\t\t\t\t<div class=\"elementor-widget-container\">\n\t\t\t<style>\/*! elementor - v3.16.0 - 20-09-2023 *\/\n.elementor-heading-title{padding:0;margin:0;line-height:1}.elementor-widget-heading .elementor-heading-title[class*=elementor-size-]>a{color:inherit;font-size:inherit;line-height:inherit}.elementor-widget-heading .elementor-heading-title.elementor-size-small{font-size:15px}.elementor-widget-heading .elementor-heading-title.elementor-size-medium{font-size:19px}.elementor-widget-heading .elementor-heading-title.elementor-size-large{font-size:29px}.elementor-widget-heading .elementor-heading-title.elementor-size-xl{font-size:39px}.elementor-widget-heading .elementor-heading-title.elementor-size-xxl{font-size:59px}<\/style><h1 class=\"elementor-heading-title elementor-size-default\">Limp Pereira<\/h1>\t\t<\/div>\n\t\t\t\t<\/div>\n\t\t\t\t\t<\/div>\n\t\t<\/div>\n\t\t\t\t\t\t\t<\/div>\n\t\t<\/section>\n\t\t\t\t<section class=\"elementor-section elementor-top-section elementor-element elementor-element-034f786 elementor-section-full_width elementor-section-height-default elementor-section-height-default\" data-id=\"034f786\" data-element_type=\"section\">\n\t\t\t\t\t\t<div class=\"elementor-container elementor-column-gap-default\">\n\t\t\t\t\t<div class=\"elementor-column elementor-col-100 elementor-top-column elementor-element elementor-element-ba0c118\" data-id=\"ba0c118\" data-element_type=\"column\">\n\t\t\t<div class=\"elementor-widget-wrap elementor-element-populated\">\n\t\t\t\t\t\t\t\t<div class=\"elementor-element elementor-element-79fc8d9 elementor-widget__width-initial elementor-widget elementor-widget-text-editor\" data-id=\"79fc8d9\" data-element_type=\"widget\" data-widget_type=\"text-editor.default\">\n\t\t\t\t<div class=\"elementor-widget-container\">\n\t\t\t<style>\/*! elementor - v3.16.0 - 20-09-2023 *\/\n.elementor-widget-text-editor.elementor-drop-cap-view-stacked .elementor-drop-cap{background-color:#69727d;color:#fff}.elementor-widget-text-editor.elementor-drop-cap-view-framed .elementor-drop-cap{color:#69727d;border:3px solid;background-color:transparent}.elementor-widget-text-editor:not(.elementor-drop-cap-view-default) .elementor-drop-cap{margin-top:8px}.elementor-widget-text-editor:not(.elementor-drop-cap-view-default) .elementor-drop-cap-letter{width:1em;height:1em}.elementor-widget-text-editor .elementor-drop-cap{float:left;text-align:center;line-height:1;font-size:50px}.elementor-widget-text-editor .elementor-drop-cap-letter{display:inline-block}<\/style>\t\t\t\t<p class=\"MsoNormal\" style=\"margin-bottom: 0cm;\"><span style=\"color: #0a0a0a; background-image: initial; background-position: initial; background-size: initial; background-repeat: initial; background-attachment: initial; background-origin: initial; background-clip: initial;\">H\u00e1 21 anos no mercado A LIMPEREIRA\u00a0 disp\u00f5e de uma equipe t\u00e9cnica altamente especializada, com profissionais capacitados, seguindo padr\u00f5es e normas de seguran\u00e7a e qualidade.\u00a0<\/span><\/p><p class=\"MsoNormal\" style=\"margin-bottom: 0cm;\"><span style=\"color: #0a0a0a; background-image: initial; background-position: initial; background-size: initial; background-repeat: initial; background-attachment: initial; background-origin: initial; background-clip: initial;\">Nossa Equipe tem o objetivo de garantir a qualidade, agilidade e seguran\u00e7a nos Servi\u00e7os Prestados, suprindo as necessidades dos Clientes, transmitindo credibilidade nas a\u00e7\u00f5es e alcan\u00e7ando fidelidade nas negocia\u00e7\u00f5es. <\/span><\/p><p class=\"MsoNormal\" style=\"margin-bottom: 0cm;\"><span style=\"color: #0a0a0a; background-image: initial; background-position: initial; background-size: initial; background-repeat: initial; background-attachment: initial; background-origin: initial; background-clip: initial;\">Empresa com ampla experi\u00eancia no mercado, atuando desde 2002 nas \u00e1reas de <\/span>GERENCIAMENTO DE RES\u00cdDUO, CONTROLE DE PRAGAS URBANAS, LIMPEZAS E DESENTUPIMENTOS EM GERAL<span style=\"color: #0a0a0a; background-image: initial; background-position: initial; background-size: initial; background-repeat: initial; background-attachment: initial; background-origin: initial; background-clip: initial;\">, atendendo instala\u00e7\u00f5es Portu\u00e1rias, Industrias, Com\u00e9rcios, Resid\u00eancias e outros, seu diferencial \u00e9 possuir v\u00e1rios Equipamentos diferenciados com Tecnologia avan\u00e7ada.<\/span><\/p>\t\t\t\t\t\t<\/div>\n\t\t\t\t<\/div>\n\t\t\t\t<section class=\"elementor-section elementor-inner-section elementor-element elementor-element-d762106 elementor-section-full_width elementor-section-height-default elementor-section-height-default\" data-id=\"d762106\" data-element_type=\"section\">\n\t\t\t\t\t\t<div class=\"elementor-container elementor-column-gap-default\">\n\t\t\t\t\t<div class=\"elementor-column elementor-col-33 elementor-inner-column elementor-element elementor-element-08ec54c\" data-id=\"08ec54c\" data-element_type=\"column\">\n\t\t\t<div class=\"elementor-widget-wrap elementor-element-populated\">\n\t\t\t\t\t\t\t\t<div class=\"elementor-element elementor-element-d35be41 elementor-widget elementor-widget-heading\" data-id=\"d35be41\" data-element_type=\"widget\" data-widget_type=\"heading.default\">\n\t\t\t\t<div class=\"elementor-widget-container\">\n\t\t\t<h3 class=\"elementor-heading-title elementor-size-default\">Miss\u00e3o<\/h3>\t\t<\/div>\n\t\t\t\t<\/div>\n\t\t\t\t<div class=\"elementor-element elementor-element-8fa3d11 elementor-widget__width-initial elementor-widget elementor-widget-text-editor\" data-id=\"8fa3d11\" data-element_type=\"widget\" data-widget_type=\"text-editor.default\">\n\t\t\t\t<div class=\"elementor-widget-container\">\n\t\t\t\t\t\t\t<h6 style=\"text-align: center;\"><span style=\"font-size: 6.0pt; mso-bidi-font-size: 11.0pt; line-height: 107%; font-family: 'Calibri',sans-serif; mso-fareast-font-family: Calibri; color: black; mso-ansi-language: PT-BR; mso-fareast-language: PT-BR; mso-bidi-language: AR-SA;\"><img decoding=\"async\" loading=\"lazy\" class=\"aligncenter wp-image-1751\" src=\"http:\/\/limpereira.com.br\/wp-content\/uploads\/2023\/10\/Missio.png\" alt=\"\" width=\"127\" height=\"132\" \/><br \/><\/span><\/h6>\t\t\t\t\t\t<\/div>\n\t\t\t\t<\/div>\n\t\t\t\t<div class=\"elementor-element elementor-element-5e3ec3d elementor-widget elementor-widget-text-editor\" data-id=\"5e3ec3d\" data-element_type=\"widget\" data-widget_type=\"text-editor.default\">\n\t\t\t\t<div class=\"elementor-widget-container\">\n\t\t\t\t\t\t\t<strong>Promover solu\u00e7\u00f5es ambientais por meio de servi\u00e7os, \u00e1geis e seguros quanto ao controle, gest\u00e3o e destina\u00e7\u00e3o de res\u00edduos, respeitando o indiv\u00edduo e o meio ambiente, garantindo assim a satisfa\u00e7\u00e3o dos nossos clientes e contribuindo para o desenvolvimento sustent\u00e1vel do Pa\u00eds.<\/strong>\t\t\t\t\t\t<\/div>\n\t\t\t\t<\/div>\n\t\t\t\t\t<\/div>\n\t\t<\/div>\n\t\t\t\t<div class=\"elementor-column elementor-col-33 elementor-inner-column elementor-element elementor-element-820cefe\" data-id=\"820cefe\" data-element_type=\"column\">\n\t\t\t<div class=\"elementor-widget-wrap elementor-element-populated\">\n\t\t\t\t\t\t\t\t<div class=\"elementor-element elementor-element-24fddad elementor-widget elementor-widget-heading\" data-id=\"24fddad\" data-element_type=\"widget\" data-widget_type=\"heading.default\">\n\t\t\t\t<div class=\"elementor-widget-container\">\n\t\t\t<h3 class=\"elementor-heading-title elementor-size-default\">Vis\u00e3o<\/h3>\t\t<\/div>\n\t\t\t\t<\/div>\n\t\t\t\t<div class=\"elementor-element elementor-element-56c52be elementor-widget__width-initial elementor-widget elementor-widget-text-editor\" data-id=\"56c52be\" data-element_type=\"widget\" data-widget_type=\"text-editor.default\">\n\t\t\t\t<div class=\"elementor-widget-container\">\n\t\t\t\t\t\t\t<h6 style=\"text-align: center;\"><span style=\"font-size: 10.0pt; mso-bidi-font-size: 11.0pt; line-height: 107%; font-family: 'Calibri',sans-serif; mso-fareast-font-family: Calibri; color: black; mso-ansi-language: PT-BR; mso-fareast-language: PT-BR; mso-bidi-language: AR-SA;\"><img decoding=\"async\" loading=\"lazy\" class=\"alignnone wp-image-1753\" src=\"http:\/\/limpereira.com.br\/wp-content\/uploads\/2023\/10\/visao.png\" alt=\"\" width=\"150\" height=\"104\" \/>\u00a0<\/span><\/h6><h6 style=\"text-align: center;\">\u00a0<\/h6>\t\t\t\t\t\t<\/div>\n\t\t\t\t<\/div>\n\t\t\t\t<div class=\"elementor-element elementor-element-41582c6 elementor-widget elementor-widget-text-editor\" data-id=\"41582c6\" data-element_type=\"widget\" data-widget_type=\"text-editor.default\">\n\t\t\t\t<div class=\"elementor-widget-container\">\n\t\t\t\t\t\t\t<p><strong>Aperfei\u00e7oamento Constante na Presta\u00e7\u00e3o de Servi\u00e7os. Com a meta de prestar o melhor servi\u00e7o aos nossos clientes.<\/strong><\/p>\t\t\t\t\t\t<\/div>\n\t\t\t\t<\/div>\n\t\t\t\t\t<\/div>\n\t\t<\/div>\n\t\t\t\t<div class=\"elementor-column elementor-col-33 elementor-inner-column elementor-element elementor-element-d30d7a1\" data-id=\"d30d7a1\" data-element_type=\"column\">\n\t\t\t<div class=\"elementor-widget-wrap elementor-element-populated\">\n\t\t\t\t\t\t\t\t<div class=\"elementor-element elementor-element-6260bc9 elementor-widget elementor-widget-heading\" data-id=\"6260bc9\" data-element_type=\"widget\" data-widget_type=\"heading.default\">\n\t\t\t\t<div class=\"elementor-widget-container\">\n\t\t\t<h3 class=\"elementor-heading-title elementor-size-default\">Valores<\/h3>\t\t<\/div>\n\t\t\t\t<\/div>\n\t\t\t\t<div class=\"elementor-element elementor-element-3a99000 elementor-widget__width-initial elementor-widget elementor-widget-text-editor\" data-id=\"3a99000\" data-element_type=\"widget\" data-widget_type=\"text-editor.default\">\n\t\t\t\t<div class=\"elementor-widget-container\">\n\t\t\t\t\t\t\t<p class=\"MsoNormal\" style=\"margin-bottom: 0cm; text-align: center;\" align=\"center\"><b><span style=\"font-size: 10pt; line-height: 107%; color: black; background-image: initial; background-position: initial; background-size: initial; background-repeat: initial; background-attachment: initial; background-origin: initial; background-clip: initial;\"><img decoding=\"async\" loading=\"lazy\" class=\"alignnone wp-image-1752\" src=\"http:\/\/limpereira.com.br\/wp-content\/uploads\/2023\/10\/valores.png\" alt=\"\" width=\"150\" height=\"140\" \/><\/span><\/b><\/p><p class=\"MsoNormal\" style=\"margin-bottom: 0cm; text-align: center;\" align=\"center\"><b><span style=\"font-size: 10pt; line-height: 107%; color: black; background-image: initial; background-position: initial; background-size: initial; background-repeat: initial; background-attachment: initial; background-origin: initial; background-clip: initial;\">\u00a0<\/span><\/b><\/p>\t\t\t\t\t\t<\/div>\n\t\t\t\t<\/div>\n\t\t\t\t<div class=\"elementor-element elementor-element-19e6066 elementor-widget__width-initial elementor-widget elementor-widget-text-editor\" data-id=\"19e6066\" data-element_type=\"widget\" data-widget_type=\"text-editor.default\">\n\t\t\t\t<div class=\"elementor-widget-container\">\n\t\t\t\t\t\t\t<strong>\u00c9tica,\nTranspar\u00eancia, Responsabilidade Ambiental e Social, Inova\u00e7\u00e3o, Agilidade,\nQualidade, Seguran\u00e7a, sempre valorizando o Indiv\u00edduo e as Parcerias.<\/strong>\t\t\t\t\t\t<\/div>\n\t\t\t\t<\/div>\n\t\t\t\t\t<\/div>\n\t\t<\/div>\n\t\t\t\t\t\t\t<\/div>\n\t\t<\/section>\n\t\t<div class=\"elementor-element elementor-element-7c2d0dd e-flex e-con-boxed e-con e-parent\" data-id=\"7c2d0dd\" data-element_type=\"container\" data-settings=\"{&quot;content_width&quot;:&quot;boxed&quot;}\" data-core-v316-plus=\"true\">\n\t\t\t\t\t<div class=\"e-con-inner\">\n\t\t\t\t\t<\/div>\n\t\t\t\t<\/div>\n\t\t\t\t\t<\/div>\n\t\t<\/div>\n\t\t\t\t\t\t\t<\/div>\n\t\t<\/section>\n\t\t\t\t\t\t\t<\/div>\n\t\t","protected":false},"excerpt":{"rendered":"<p>Limp Pereira H\u00e1 21 anos no mercado A LIMPEREIRA\u00a0 disp\u00f5e de uma equipe t\u00e9cnica altamente especializada, com profissionais capacitados, seguindo padr\u00f5es e normas de seguran\u00e7a e qualidade.\u00a0 Nossa Equipe tem o objetivo de garantir a qualidade, agilidade e seguran\u00e7a nos Servi\u00e7os Prestados, suprindo as necessidades dos Clientes, transmitindo credibilidade nas a\u00e7\u00f5es e alcan\u00e7ando fidelidade nas &hellip;<\/p>\n<p class=\"read-more\"> <a class=\"\" href=\"https:\/\/limpereira.com.br\/index.php\/about\/\"> <span class=\"screen-reader-text\">About<\/span> Read More &raquo;<\/a><\/p>\n","protected":false},"author":1,"featured_media":0,"parent":0,"menu_order":0,"comment_status":"closed","ping_status":"closed","template":"","meta":{"site-sidebar-layout":"no-sidebar","site-content-layout":"page-builder","ast-site-content-layout":"","site-content-style":"default","site-sidebar-style":"default","ast-global-header-display":"","ast-banner-title-visibility":"","ast-main-header-display":"","ast-hfb-above-header-display":"","ast-hfb-below-header-display":"","ast-hfb-mobile-header-display":"","site-post-title":"disabled","ast-breadcrumbs-content":"","ast-featured-img":"disabled","footer-sml-layout":"","theme-transparent-header-meta":"enabled","adv-header-id-meta":"","stick-header-meta":"","header-above-stick-meta":"","header-main-stick-meta":"","header-below-stick-meta":"","astra-migrate-meta-layouts":"","footnotes":""},"_links":{"self":[{"href":"https:\/\/limpereira.com.br\/index.php\/wp-json\/wp\/v2\/pages\/14"}],"collection":[{"href":"https:\/\/limpereira.com.br\/index.php\/wp-json\/wp\/v2\/pages"}],"about":[{"href":"https:\/\/limpereira.com.br\/index.php\/wp-json\/wp\/v2\/types\/page"}],"author":[{"embeddable":true,"href":"https:\/\/limpereira.com.br\/index.php\/wp-json\/wp\/v2\/users\/1"}],"replies":[{"embeddable":true,"href":"https:\/\/limpereira.com.br\/index.php\/wp-json\/wp\/v2\/comments?post=14"}],"version-history":[{"count":43,"href":"https:\/\/limpereira.com.br\/index.php\/wp-json\/wp\/v2\/pages\/14\/revisions"}],"predecessor-version":[{"id":1833,"href":"https:\/\/limpereira.com.br\/index.php\/wp-json\/wp\/v2\/pages\/14\/revisions\/1833"}],"wp:attachment":[{"href":"https:\/\/limpereira.com.br\/index.php\/wp-json\/wp\/v2\/media?parent=14"}],"curies":[{"name":"wp","href":"https:\/\/api.w.org\/{rel}","templated":true}]}}